{"id":91,"date":"2026-02-28T16:27:46","date_gmt":"2026-02-28T16:27:46","guid":{"rendered":"https:\/\/www.construredesbyb.com\/?post_type=product&#038;p=91"},"modified":"2026-02-28T16:30:21","modified_gmt":"2026-02-28T16:30:21","slug":"proconciviles-s-a-s","status":"publish","type":"product","link":"https:\/\/www.construredesbyb.com\/?product=proconciviles-s-a-s","title":{"rendered":"PROCONCIVILES S.A.S."},"content":{"rendered":"<p>CONTRATANTE: PROCONCIVILES S.A.S.<br \/>\nCONTRATO N\u00b0: S\/N<br \/>\nOBJETO: El suministro e instalaci\u00f3n de equipos<br \/>\nde bombeo, tanques de almacenamiento e<br \/>\ninstalaciones hidr\u00e1ulicas en la<br \/>\nbodega 7 de la zona Franca de Barranquilla<br \/>\nen donde se instala la planta de CORPACERO.<br \/>\nA\u00d1O: 2022<br \/>\nREFERENCIA: Francisco Munevar<\/p>\n","protected":false},"excerpt":{"rendered":"<p>CONTRATANTE: PROCONCIVILES S.A.S. CONTRATO N\u00b0: S\/N OBJETO: El suministro e instalaci\u00f3n de equipos de bombeo, tanques de almacenamiento e instalaciones hidr\u00e1ulicas en la bodega 7 de la zona Franca de Barranquilla en donde se instala la planta de CORPACERO. A\u00d1O: 2022 REFERENCIA: Francisco Munevar<\/p>\n","protected":false},"featured_media":92,"comment_status":"open","ping_status":"closed","template":"","meta":{"_et_pb_use_builder":"","_et_pb_old_content":"","_et_gb_content_width":""},"product_brand":[],"product_cat":[16],"product_tag":[],"class_list":{"0":"post-91","1":"product","2":"type-product","3":"status-publish","4":"has-post-thumbnail","6":"product_cat-uncategorized","8":"first","9":"instock","10":"shipping-taxable","11":"product-type-simple"},"_links":{"self":[{"href":"https:\/\/www.construredesbyb.com\/index.php?rest_route=\/wp\/v2\/product\/91","targetHints":{"allow":["GET"]}}],"collection":[{"href":"https:\/\/www.construredesbyb.com\/index.php?rest_route=\/wp\/v2\/product"}],"about":[{"href":"https:\/\/www.construredesbyb.com\/index.php?rest_route=\/wp\/v2\/types\/product"}],"replies":[{"embeddable":true,"href":"https:\/\/www.construredesbyb.com\/index.php?rest_route=%2Fwp%2Fv2%2Fcomments&post=91"}],"wp:featuredmedia":[{"embeddable":true,"href":"https:\/\/www.construredesbyb.com\/index.php?rest_route=\/wp\/v2\/media\/92"}],"wp:attachment":[{"href":"https:\/\/www.construredesbyb.com\/index.php?rest_route=%2Fwp%2Fv2%2Fmedia&parent=91"}],"wp:term":[{"taxonomy":"product_brand","embeddable":true,"href":"https:\/\/www.construredesbyb.com\/index.php?rest_route=%2Fwp%2Fv2%2Fproduct_brand&post=91"},{"taxonomy":"product_cat","embeddable":true,"href":"https:\/\/www.construredesbyb.com\/index.php?rest_route=%2Fwp%2Fv2%2Fproduct_cat&post=91"},{"taxonomy":"product_tag","embeddable":true,"href":"https:\/\/www.construredesbyb.com\/index.php?rest_route=%2Fwp%2Fv2%2Fproduct_tag&post=91"}],"curies":[{"name":"wp","href":"https:\/\/api.w.org\/{rel}","templated":true}]}}