{"id":68,"date":"2026-02-28T15:46:47","date_gmt":"2026-02-28T15:46:47","guid":{"rendered":"https:\/\/www.construredesbyb.com\/?post_type=product&#038;p=68"},"modified":"2026-02-28T15:46:47","modified_gmt":"2026-02-28T15:46:47","slug":"consorcio-salud-milenio","status":"publish","type":"product","link":"https:\/\/www.construredesbyb.com\/?product=consorcio-salud-milenio","title":{"rendered":"CONSORCIO SALUD  MILENIO"},"content":{"rendered":"<p>CONTRATO N\u00b0: CSM-REP-001<br \/>\nOBJETO: Suministro e instalaci\u00f3n de Redes<br \/>\nHidrosanitarias, Ventilaci\u00f3n, Aguas Lluvias y<br \/>\nContra Incendio; y la instalaci\u00f3n de Aparatos<br \/>\nSanitarios para el Hospital de Repel\u00f3n ubicado<br \/>\nen el departamento del Atl\u00e1ntico.<br \/>\nA\u00d1O: 2022<br \/>\nREFERENCIA: Leonardo Monterroza<\/p>\n","protected":false},"excerpt":{"rendered":"<p>CONTRATO N\u00b0: CSM-REP-001 OBJETO: Suministro e instalaci\u00f3n de Redes Hidrosanitarias, Ventilaci\u00f3n, Aguas Lluvias y Contra Incendio; y la instalaci\u00f3n de Aparatos Sanitarios para el Hospital de Repel\u00f3n ubicado en el departamento del Atl\u00e1ntico. A\u00d1O: 2022 REFERENCIA: Leonardo Monterroza<\/p>\n","protected":false},"featured_media":70,"comment_status":"open","ping_status":"closed","template":"","meta":{"_et_pb_use_builder":"","_et_pb_old_content":"","_et_gb_content_width":""},"product_brand":[],"product_cat":[16],"product_tag":[],"class_list":{"0":"post-68","1":"product","2":"type-product","3":"status-publish","4":"has-post-thumbnail","6":"product_cat-uncategorized","8":"first","9":"instock","10":"shipping-taxable","11":"product-type-simple"},"_links":{"self":[{"href":"https:\/\/www.construredesbyb.com\/index.php?rest_route=\/wp\/v2\/product\/68","targetHints":{"allow":["GET"]}}],"collection":[{"href":"https:\/\/www.construredesbyb.com\/index.php?rest_route=\/wp\/v2\/product"}],"about":[{"href":"https:\/\/www.construredesbyb.com\/index.php?rest_route=\/wp\/v2\/types\/product"}],"replies":[{"embeddable":true,"href":"https:\/\/www.construredesbyb.com\/index.php?rest_route=%2Fwp%2Fv2%2Fcomments&post=68"}],"wp:featuredmedia":[{"embeddable":true,"href":"https:\/\/www.construredesbyb.com\/index.php?rest_route=\/wp\/v2\/media\/70"}],"wp:attachment":[{"href":"https:\/\/www.construredesbyb.com\/index.php?rest_route=%2Fwp%2Fv2%2Fmedia&parent=68"}],"wp:term":[{"taxonomy":"product_brand","embeddable":true,"href":"https:\/\/www.construredesbyb.com\/index.php?rest_route=%2Fwp%2Fv2%2Fproduct_brand&post=68"},{"taxonomy":"product_cat","embeddable":true,"href":"https:\/\/www.construredesbyb.com\/index.php?rest_route=%2Fwp%2Fv2%2Fproduct_cat&post=68"},{"taxonomy":"product_tag","embeddable":true,"href":"https:\/\/www.construredesbyb.com\/index.php?rest_route=%2Fwp%2Fv2%2Fproduct_tag&post=68"}],"curies":[{"name":"wp","href":"https:\/\/api.w.org\/{rel}","templated":true}]}}