{"id":230,"date":"2026-03-13T21:00:26","date_gmt":"2026-03-13T21:00:26","guid":{"rendered":"https:\/\/www.construredesbyb.com\/?post_type=product&#038;p=230"},"modified":"2026-03-13T21:00:26","modified_gmt":"2026-03-13T21:00:26","slug":"bodytech-laureles-medellin","status":"publish","type":"product","link":"https:\/\/www.construredesbyb.com\/?product=bodytech-laureles-medellin","title":{"rendered":"BODYTECH LAURELES &#8211; MEDELL\u00cdN"},"content":{"rendered":"<p>CONSTRUCCI\u00d3N DE LAS REDES HIDROSANITARIAS DEL CENTRO DE ACONDICIONAMIENTO F\u00cdSICO BODYTECH EN EL BARRIO LAURELES EN LA CIUDAD DE MEDELL\u00cdN.<\/p>\n","protected":false},"excerpt":{"rendered":"<p>CONSTRUCCI\u00d3N DE LAS REDES HIDROSANITARIAS DEL CENTRO DE ACONDICIONAMIENTO F\u00cdSICO BODYTECH EN EL BARRIO LAURELES EN LA CIUDAD DE MEDELL\u00cdN.<\/p>\n","protected":false},"featured_media":231,"comment_status":"open","ping_status":"closed","template":"","meta":{"_et_pb_use_builder":"","_et_pb_old_content":"","_et_gb_content_width":""},"product_brand":[],"product_cat":[16],"product_tag":[],"class_list":{"0":"post-230","1":"product","2":"type-product","3":"status-publish","4":"has-post-thumbnail","6":"product_cat-uncategorized","8":"first","9":"instock","10":"shipping-taxable","11":"product-type-simple"},"_links":{"self":[{"href":"https:\/\/www.construredesbyb.com\/index.php?rest_route=\/wp\/v2\/product\/230","targetHints":{"allow":["GET"]}}],"collection":[{"href":"https:\/\/www.construredesbyb.com\/index.php?rest_route=\/wp\/v2\/product"}],"about":[{"href":"https:\/\/www.construredesbyb.com\/index.php?rest_route=\/wp\/v2\/types\/product"}],"replies":[{"embeddable":true,"href":"https:\/\/www.construredesbyb.com\/index.php?rest_route=%2Fwp%2Fv2%2Fcomments&post=230"}],"wp:featuredmedia":[{"embeddable":true,"href":"https:\/\/www.construredesbyb.com\/index.php?rest_route=\/wp\/v2\/media\/231"}],"wp:attachment":[{"href":"https:\/\/www.construredesbyb.com\/index.php?rest_route=%2Fwp%2Fv2%2Fmedia&parent=230"}],"wp:term":[{"taxonomy":"product_brand","embeddable":true,"href":"https:\/\/www.construredesbyb.com\/index.php?rest_route=%2Fwp%2Fv2%2Fproduct_brand&post=230"},{"taxonomy":"product_cat","embeddable":true,"href":"https:\/\/www.construredesbyb.com\/index.php?rest_route=%2Fwp%2Fv2%2Fproduct_cat&post=230"},{"taxonomy":"product_tag","embeddable":true,"href":"https:\/\/www.construredesbyb.com\/index.php?rest_route=%2Fwp%2Fv2%2Fproduct_tag&post=230"}],"curies":[{"name":"wp","href":"https:\/\/api.w.org\/{rel}","templated":true}]}}