{"id":121,"date":"2026-03-02T13:16:14","date_gmt":"2026-03-02T13:16:14","guid":{"rendered":"https:\/\/www.construredesbyb.com\/?post_type=product&#038;p=121"},"modified":"2026-03-02T13:16:45","modified_gmt":"2026-03-02T13:16:45","slug":"bella-piel-s-a-s","status":"publish","type":"product","link":"https:\/\/www.construredesbyb.com\/?product=bella-piel-s-a-s","title":{"rendered":"BELLA PIEL S.A.S."},"content":{"rendered":"<p>CONTRATANTE: BELLA PIEL S.A.S.<br \/>\nCONTRATO N\u00b0: N\u00b0 9\/22<br \/>\nOBJETO: Contrato de prestaci\u00f3n de servicios<br \/>\nprofesionales independientes no 9\/22.<br \/>\nInstalaci\u00f3n sistema HVAC.<br \/>\nBarranquilla &#8211; Atl\u00e1ntico.<br \/>\nA\u00d1O: 2022<br \/>\nREFERENCIA: Carlos Gereda<\/p>\n","protected":false},"excerpt":{"rendered":"<p>CONTRATANTE: BELLA PIEL S.A.S. CONTRATO N\u00b0: N\u00b0 9\/22 OBJETO: Contrato de prestaci\u00f3n de servicios profesionales independientes no 9\/22. Instalaci\u00f3n sistema HVAC. Barranquilla &#8211; Atl\u00e1ntico. A\u00d1O: 2022 REFERENCIA: Carlos Gereda<\/p>\n","protected":false},"featured_media":122,"comment_status":"open","ping_status":"closed","template":"","meta":{"_et_pb_use_builder":"","_et_pb_old_content":"","_et_gb_content_width":""},"product_brand":[],"product_cat":[16],"product_tag":[],"class_list":{"0":"post-121","1":"product","2":"type-product","3":"status-publish","4":"has-post-thumbnail","6":"product_cat-uncategorized","8":"first","9":"instock","10":"shipping-taxable","11":"product-type-simple"},"_links":{"self":[{"href":"https:\/\/www.construredesbyb.com\/index.php?rest_route=\/wp\/v2\/product\/121","targetHints":{"allow":["GET"]}}],"collection":[{"href":"https:\/\/www.construredesbyb.com\/index.php?rest_route=\/wp\/v2\/product"}],"about":[{"href":"https:\/\/www.construredesbyb.com\/index.php?rest_route=\/wp\/v2\/types\/product"}],"replies":[{"embeddable":true,"href":"https:\/\/www.construredesbyb.com\/index.php?rest_route=%2Fwp%2Fv2%2Fcomments&post=121"}],"wp:featuredmedia":[{"embeddable":true,"href":"https:\/\/www.construredesbyb.com\/index.php?rest_route=\/wp\/v2\/media\/122"}],"wp:attachment":[{"href":"https:\/\/www.construredesbyb.com\/index.php?rest_route=%2Fwp%2Fv2%2Fmedia&parent=121"}],"wp:term":[{"taxonomy":"product_brand","embeddable":true,"href":"https:\/\/www.construredesbyb.com\/index.php?rest_route=%2Fwp%2Fv2%2Fproduct_brand&post=121"},{"taxonomy":"product_cat","embeddable":true,"href":"https:\/\/www.construredesbyb.com\/index.php?rest_route=%2Fwp%2Fv2%2Fproduct_cat&post=121"},{"taxonomy":"product_tag","embeddable":true,"href":"https:\/\/www.construredesbyb.com\/index.php?rest_route=%2Fwp%2Fv2%2Fproduct_tag&post=121"}],"curies":[{"name":"wp","href":"https:\/\/api.w.org\/{rel}","templated":true}]}}